{"id":651,"date":"2023-01-28T21:45:47","date_gmt":"2023-01-28T21:45:47","guid":{"rendered":"https:\/\/stopitasounding.com\/?page_id=651"},"modified":"2023-04-12T21:35:21","modified_gmt":"2023-04-12T21:35:21","slug":"meaning-of-logos","status":"publish","type":"page","link":"https:\/\/stopitasounding.com\/it\/meaning-of-logos\/","title":{"rendered":"Significato dei loghi"},"content":{"rendered":"<h2 class=\"has-text-align-center has-rubik-font-family has-custom-font wp-block-heading\" style=\"font-family:Rubik\">Cosa vogliono dire questi loghi?<\/h2>\n\n\n\n<p class=\"has-text-align-center has-rubik-font-family has-custom-font\" style=\"font-family:Rubik\">Ci sono molti loghi diversi che possono essere presenti sulle confezioni dei prodotti italiani, ma cosa vogliono dire?<\/p>\n\n\n\n<div class=\"wp-block-columns is-layout-flex wp-container-core-columns-is-layout-9d6595d7 wp-block-columns-is-layout-flex\">\n<div class=\"wp-block-column has-theme-palette-7-background-color has-background is-layout-flow wp-block-column-is-layout-flow\"><div class=\"wp-block-image\">\n<figure class=\"aligncenter size-full is-resized coblocks-animate\" data-coblocks-animation=\"zoomIn\"><img loading=\"lazy\" decoding=\"async\" src=\"https:\/\/stopitasounding.com\/wp-content\/uploads\/2023\/01\/5E591C1C-9A54-4A20-B5F2-805B6021901C.png\" alt=\"\" class=\"wp-image-653\" width=\"218\" height=\"218\" srcset=\"https:\/\/stopitasounding.com\/wp-content\/uploads\/2023\/01\/5E591C1C-9A54-4A20-B5F2-805B6021901C.png 591w, https:\/\/stopitasounding.com\/wp-content\/uploads\/2023\/01\/5E591C1C-9A54-4A20-B5F2-805B6021901C-300x300.png 300w, https:\/\/stopitasounding.com\/wp-content\/uploads\/2023\/01\/5E591C1C-9A54-4A20-B5F2-805B6021901C-150x150.png 150w, https:\/\/stopitasounding.com\/wp-content\/uploads\/2023\/01\/5E591C1C-9A54-4A20-B5F2-805B6021901C-100x100.png 100w\" sizes=\"auto, (max-width: 218px) 100vw, 218px\" \/><\/figure>\n<\/div>\n\n\n<p class=\"has-rubik-font-family coblocks-animate has-custom-font\" style=\"padding-top:var(--wp--preset--spacing--50);padding-right:var(--wp--preset--spacing--50);padding-bottom:var(--wp--preset--spacing--50);padding-left:var(--wp--preset--spacing--50);font-family:Rubik\" data-coblocks-animation=\"fadeIn\">Questo \u00e8 il <strong>logo DOP<\/strong>, e sta per <em><strong>Denominazione di origine protetta<\/strong><\/em>. \u00c8 conosciuto come il <strong>logo PDO<\/strong> in inglese, che sta per <em><strong>Protected designation of origin<\/strong><\/em>. <\/p>\n\n\n\n<p class=\"has-rubik-font-family coblocks-animate has-custom-font\" style=\"padding-top:var(--wp--preset--spacing--50);padding-right:var(--wp--preset--spacing--50);padding-bottom:var(--wp--preset--spacing--50);padding-left:var(--wp--preset--spacing--50);font-family:Rubik\" data-coblocks-animation=\"fadeIn\">Questo \u00e8 valido e riconosciuto nell'intera Unione Europea (e nei paesi dove c'\u00e8 un accordo bilaterale). Questo logo \u00e8 dunque europeo e non italiano. <\/p>\n\n\n\n<p class=\"has-rubik-font-family coblocks-animate has-custom-font\" style=\"padding-top:var(--wp--preset--spacing--50);padding-right:var(--wp--preset--spacing--50);padding-bottom:var(--wp--preset--spacing--50);padding-left:var(--wp--preset--spacing--50);font-family:Rubik\" data-coblocks-animation=\"fadeIn\">Se questo logo \u00e8 visibile sulla confezione di un prodotto, vuol dire che pu\u00f2 essere prodotto in un'area geografica specifica per motivi di storia, tradizione, saper-fare e ambiente. Tutte le materie prime devono provenire dall'area protetta.<\/p>\n\n\n\n<p class=\"has-rubik-font-family coblocks-animate has-custom-font\" style=\"padding-top:var(--wp--preset--spacing--50);padding-right:var(--wp--preset--spacing--50);padding-bottom:var(--wp--preset--spacing--50);padding-left:var(--wp--preset--spacing--50);font-family:Rubik\" data-coblocks-animation=\"fadeIn\">Attualmente in Italia ci sono <a href=\"https:\/\/stopitasounding.com\/it\/protected-products\/\" title=\"138 prodotti DOP\">138 prodotti DOP<\/a>. Alcuni esempi sono <em>Parmigiano Reggiano<\/em>, <em>Gorgonzola<\/em>, <em>Prosciutto di Parma<\/em>, <em>Mozzarella di Bufala Campana<\/em>, e <em>Aceto Balsamico Tradizionale di Modena<\/em>. <\/p>\n\n\n\n<div class=\"wp-block-buttons is-layout-flex wp-block-buttons-is-layout-flex\">\n<div class=\"wp-block-button aligncenter is-style-circular\"><a class=\"wp-block-button__link wp-element-button\" href=\"\/it\/stopitasounding.com\/protected-products\/\">Vedi prodotti tutelati<\/a><\/div>\n<\/div>\n\n\n\n<div style=\"height:18px\" aria-hidden=\"true\" class=\"wp-block-spacer\"><\/div>\n<\/div>\n\n\n\n<div class=\"wp-block-column has-theme-palette-8-background-color has-background is-layout-flow wp-block-column-is-layout-flow\" style=\"padding-top:var(--wp--preset--spacing--50);padding-right:var(--wp--preset--spacing--50);padding-bottom:var(--wp--preset--spacing--50);padding-left:var(--wp--preset--spacing--50)\"><div class=\"wp-block-image\">\n<figure class=\"aligncenter size-full is-resized coblocks-animate\" data-coblocks-animation=\"zoomIn\"><img loading=\"lazy\" decoding=\"async\" src=\"https:\/\/stopitasounding.com\/wp-content\/uploads\/2023\/01\/94BD21CB-73C7-48DD-ADC6-3EB3034723E1-edited.png\" alt=\"\" class=\"wp-image-655\" width=\"190\" height=\"189\" srcset=\"https:\/\/stopitasounding.com\/wp-content\/uploads\/2023\/01\/94BD21CB-73C7-48DD-ADC6-3EB3034723E1-edited.png 531w, https:\/\/stopitasounding.com\/wp-content\/uploads\/2023\/01\/94BD21CB-73C7-48DD-ADC6-3EB3034723E1-edited-300x300.png 300w, https:\/\/stopitasounding.com\/wp-content\/uploads\/2023\/01\/94BD21CB-73C7-48DD-ADC6-3EB3034723E1-edited-150x150.png 150w, https:\/\/stopitasounding.com\/wp-content\/uploads\/2023\/01\/94BD21CB-73C7-48DD-ADC6-3EB3034723E1-edited-100x100.png 100w\" sizes=\"auto, (max-width: 190px) 100vw, 190px\" \/><\/figure>\n<\/div>\n\n\n<div style=\"height:0px\" aria-hidden=\"true\" class=\"wp-block-spacer\"><\/div>\n\n\n\n<p class=\"has-rubik-font-family coblocks-animate has-custom-font\" style=\"padding-top:var(--wp--preset--spacing--50);padding-right:var(--wp--preset--spacing--50);padding-bottom:var(--wp--preset--spacing--50);padding-left:var(--wp--preset--spacing--50);font-family:Rubik\" data-coblocks-animation=\"fadeIn\">Questo \u00e8 il <strong>logo IGP<\/strong>, e sta per <em><strong>Indicazione geografica protetta<\/strong><\/em>. \u00c8 conosciuto come il <strong>logo PGI<\/strong> in inglese, che sta per <em><strong>Protected geographical indication<\/strong><\/em>.<\/p>\n\n\n\n<p class=\"has-rubik-font-family coblocks-animate has-custom-font\" style=\"padding-top:var(--wp--preset--spacing--50);padding-right:var(--wp--preset--spacing--50);padding-bottom:var(--wp--preset--spacing--50);padding-left:var(--wp--preset--spacing--50);font-family:Rubik\" data-coblocks-animation=\"fadeIn\">Questo \u00e8 valido e riconosciuto nell'intera Unione Europea (e nei paesi dove c'\u00e8 un accordo bilaterale). Questo logo \u00e8 dunque europeo e non italiano. <\/p>\n\n\n\n<p class=\"has-rubik-font-family coblocks-animate has-custom-font\" style=\"padding-top:var(--wp--preset--spacing--50);padding-right:var(--wp--preset--spacing--50);padding-bottom:var(--wp--preset--spacing--50);padding-left:var(--wp--preset--spacing--50);font-family:Rubik\" data-coblocks-animation=\"fadeIn\">Invece, se un prodotto ha questo logo, significa che almeno una fase della produzione deve svolgersi nell'area designata. Le materie prime di un prodotto con il logo IGP possono provenire da fuori dell'area designata.<\/p>\n\n\n\n<p class=\"has-rubik-font-family coblocks-animate has-custom-font\" style=\"padding-top:var(--wp--preset--spacing--50);padding-right:var(--wp--preset--spacing--50);padding-bottom:var(--wp--preset--spacing--50);padding-left:var(--wp--preset--spacing--50);font-family:Rubik\" data-coblocks-animation=\"fadeIn\">Attualmente in Italia ci sono 82 prodotti IGP. Alcuni esempi sono <em>Mortadella di Bologna<\/em>, <em>Cioccolato di Modica<\/em>, e <em>Bresaola della Valtellina<\/em>. <\/p>\n\n\n\n<div style=\"height:54px\" aria-hidden=\"true\" class=\"wp-block-spacer\"><\/div>\n\n\n\n<div class=\"wp-block-buttons is-layout-flex wp-block-buttons-is-layout-flex\">\n<div class=\"wp-block-button aligncenter is-style-circular has-rubik-font-family has-custom-font\" style=\"font-family:Rubik\"><a class=\"wp-block-button__link wp-element-button\" href=\"\/it\/stopitasounding.com\/protected-products\/\">Vedi prodotti tutelati<\/a><\/div>\n<\/div>\n<\/div>\n\n\n\n<div class=\"wp-block-column has-theme-palette-7-background-color has-background is-layout-flow wp-block-column-is-layout-flow\"><div class=\"wp-block-image\">\n<figure class=\"aligncenter size-full is-resized coblocks-animate\" data-coblocks-animation=\"zoomIn\"><img loading=\"lazy\" decoding=\"async\" src=\"https:\/\/stopitasounding.com\/wp-content\/uploads\/2023\/01\/34EF5F37-92E6-4BA5-82C3-C8424D9604DC.png\" alt=\"\" class=\"wp-image-656\" width=\"213\" height=\"213\" srcset=\"https:\/\/stopitasounding.com\/wp-content\/uploads\/2023\/01\/34EF5F37-92E6-4BA5-82C3-C8424D9604DC.png 591w, https:\/\/stopitasounding.com\/wp-content\/uploads\/2023\/01\/34EF5F37-92E6-4BA5-82C3-C8424D9604DC-300x300.png 300w, https:\/\/stopitasounding.com\/wp-content\/uploads\/2023\/01\/34EF5F37-92E6-4BA5-82C3-C8424D9604DC-150x150.png 150w, https:\/\/stopitasounding.com\/wp-content\/uploads\/2023\/01\/34EF5F37-92E6-4BA5-82C3-C8424D9604DC-100x100.png 100w\" sizes=\"auto, (max-width: 213px) 100vw, 213px\" \/><\/figure>\n<\/div>\n\n\n<p class=\"has-rubik-font-family coblocks-animate has-custom-font\" style=\"padding-top:var(--wp--preset--spacing--50);padding-right:var(--wp--preset--spacing--50);padding-bottom:var(--wp--preset--spacing--50);padding-left:var(--wp--preset--spacing--50);font-family:Rubik\" data-coblocks-animation=\"fadeIn\">Questo \u00e8 il <strong>logo STG<\/strong>, e sta per <em><strong>Specialit\u00e0 tradizionale garantita<\/strong><\/em>. \u00c8 conosciuto come il <strong>logo TSG<\/strong> in inglese, che sta per <em><strong>Traditional specialty guaranteed<\/strong><\/em>. <\/p>\n\n\n\n<p class=\"has-rubik-font-family coblocks-animate has-custom-font\" style=\"padding-top:var(--wp--preset--spacing--50);padding-right:var(--wp--preset--spacing--50);padding-bottom:var(--wp--preset--spacing--50);padding-left:var(--wp--preset--spacing--50);font-family:Rubik\" data-coblocks-animation=\"fadeIn\">Questo \u00e8 valido e riconosciuto nell'intera Unione Europea (e nei paesi dove c'\u00e8 un accordo bilaterale). Questo logo \u00e8 dunque europeo e non italiano. <\/p>\n\n\n\n<p class=\"has-rubik-font-family coblocks-animate has-custom-font\" style=\"padding-top:var(--wp--preset--spacing--50);padding-right:var(--wp--preset--spacing--50);padding-bottom:var(--wp--preset--spacing--50);padding-left:var(--wp--preset--spacing--50);font-family:Rubik\" data-coblocks-animation=\"fadeIn\">Questo logo mette in evidenza gli aspetti tradizionali, come il metodo di produzione o la composizione del prodotto, senza essere legato a una specifica area geografica. Il nome di un prodotto registrato come STG lo protegge dalla falsificazione e dall'abuso.<\/p>\n\n\n\n<p class=\"has-rubik-font-family coblocks-animate has-custom-font\" style=\"padding-top:var(--wp--preset--spacing--50);padding-right:var(--wp--preset--spacing--50);padding-bottom:var(--wp--preset--spacing--50);padding-left:var(--wp--preset--spacing--50);font-family:Rubik\" data-coblocks-animation=\"fadeIn\">Attualmente in Italia ci sono 4 prodotti STG. Questi prodotti sono <em>Mozzarella<\/em>, <em>Pizza Napoletana<\/em>, <em>Amatriciana Tradizionale<\/em>, e <em>Vincisgrassi alla maceratese<\/em>. <\/p>\n\n\n\n<div style=\"height:19px\" aria-hidden=\"true\" class=\"wp-block-spacer\"><\/div>\n\n\n\n<div class=\"wp-block-buttons is-layout-flex wp-block-buttons-is-layout-flex\">\n<div class=\"wp-block-button aligncenter is-style-circular has-rubik-font-family has-custom-font\" style=\"font-family:Rubik\"><a class=\"wp-block-button__link wp-element-button\" href=\"\/it\/stopitasounding.com\/protected-products\/\">Vedi prodotti tutelati<\/a><\/div>\n<\/div>\n\n\n\n<p><\/p>\n<\/div>\n<\/div>\n\n\n\n<blockquote class=\"wp-block-coblocks-click-to-tweet has-text-align-center\"><p class=\"wp-block-coblocks-click-to-tweet__text\">\u00c8 italiano o Italian sounding?<\/p><a class=\"wp-block-coblocks-click-to-tweet__twitter-btn\" href=\"http:\/\/twitter.com\/share?&amp;text=Is%20your%20product%20Italian%20or%20Italian%20sounding%3F&amp;url=https%3A%2F%2Fstopitasounding.com%2Fit%2Fmeaning-of-logos%2F&amp;via=stopitasounding\" rel=\"noopener noreferrer\" target=\"_blank\">Twitta<\/a><\/blockquote>","protected":false},"excerpt":{"rendered":"<p>What do these logos mean? There are so many different logos that could be present on Italian products, but what do they even mean? This is the DOP logo. It stands for Denominazione di origine protetta. It is known as the PDO logo in English, which stands for Protected designation of origin. This is a&#8230;<\/p>","protected":false},"author":1,"featured_media":0,"parent":0,"menu_order":0,"comment_status":"closed","ping_status":"closed","template":"","meta":{"_coblocks_attr":"Roboto,Rubik","_coblocks_dimensions":"","_coblocks_responsive_height":"","_coblocks_accordion_ie_support":"","_eb_attr":"","om_disable_all_campaigns":false,"_monsterinsights_skip_tracking":false,"_monsterinsights_sitenote_active":false,"_monsterinsights_sitenote_note":"","_monsterinsights_sitenote_category":0,"_kadence_starter_templates_imported_post":false,"_kad_post_transparent":"","_kad_post_title":"","_kad_post_layout":"default","_kad_post_sidebar_id":"","_kad_post_content_style":"","_kad_post_vertical_padding":"","_kad_post_feature":"","_kad_post_feature_position":"","_kad_post_header":false,"_kad_post_footer":false,"_kad_post_classname":"","footnotes":""},"class_list":["post-651","page","type-page","status-publish","hentry"],"aioseo_notices":[],"_links":{"self":[{"href":"https:\/\/stopitasounding.com\/it\/wp-json\/wp\/v2\/pages\/651","targetHints":{"allow":["GET"]}}],"collection":[{"href":"https:\/\/stopitasounding.com\/it\/wp-json\/wp\/v2\/pages"}],"about":[{"href":"https:\/\/stopitasounding.com\/it\/wp-json\/wp\/v2\/types\/page"}],"author":[{"embeddable":true,"href":"https:\/\/stopitasounding.com\/it\/wp-json\/wp\/v2\/users\/1"}],"replies":[{"embeddable":true,"href":"https:\/\/stopitasounding.com\/it\/wp-json\/wp\/v2\/comments?post=651"}],"version-history":[{"count":45,"href":"https:\/\/stopitasounding.com\/it\/wp-json\/wp\/v2\/pages\/651\/revisions"}],"predecessor-version":[{"id":1870,"href":"https:\/\/stopitasounding.com\/it\/wp-json\/wp\/v2\/pages\/651\/revisions\/1870"}],"wp:attachment":[{"href":"https:\/\/stopitasounding.com\/it\/wp-json\/wp\/v2\/media?parent=651"}],"curies":[{"name":"wp","href":"https:\/\/api.w.org\/{rel}","templated":true}]}}