{"id":621,"date":"2023-01-22T20:19:56","date_gmt":"2023-01-22T20:19:56","guid":{"rendered":"https:\/\/stopitasounding.com\/?page_id=621"},"modified":"2023-04-15T21:21:10","modified_gmt":"2023-04-15T21:21:10","slug":"fine-print-of-italian-products","status":"publish","type":"page","link":"https:\/\/stopitasounding.com\/it\/fine-print-of-italian-products\/","title":{"rendered":"Fine print of Italian products"},"content":{"rendered":"<h2 class=\"has-text-align-center has-rubik-font-family coblocks-animate has-custom-font wp-block-heading\" style=\"font-family:Rubik\" data-coblocks-animation=\"fadeIn\">Significato di alcune diciture<\/h2>\n\n\n<div class=\"wp-block-image is-style-bottom-wave\">\n<figure class=\"aligncenter size-full is-resized coblocks-animate\" data-coblocks-animation=\"fadeIn\"><img loading=\"lazy\" decoding=\"async\" src=\"https:\/\/stopitasounding.com\/wp-content\/uploads\/2023\/01\/18E75E0B-E254-4B5F-8AF4-793CC412A0F4_4_5005_c.jpeg\" alt=\"\" class=\"wp-image-617\" width=\"302\" height=\"223\" srcset=\"https:\/\/stopitasounding.com\/wp-content\/uploads\/2023\/01\/18E75E0B-E254-4B5F-8AF4-793CC412A0F4_4_5005_c.jpeg 450w, https:\/\/stopitasounding.com\/wp-content\/uploads\/2023\/01\/18E75E0B-E254-4B5F-8AF4-793CC412A0F4_4_5005_c-300x221.jpeg 300w\" sizes=\"auto, (max-width: 302px) 100vw, 302px\" \/><\/figure>\n<\/div>\n\n\n<p class=\"has-text-align-center has-rubik-font-family coblocks-animate has-custom-font\" style=\"font-family:Rubik\" data-coblocks-animation=\"fadeIn\">Capire alcuni termini chiavi sulle confezioni di un prodotto \u00e8 importante perch\u00e9 ti pu\u00f2 aiutare a capire la sua provenienza. <\/p>\n\n\n\n<div class=\"wp-block-columns is-layout-flex wp-container-core-columns-is-layout-9d6595d7 wp-block-columns-is-layout-flex\">\n<div class=\"wp-block-column has-theme-palette-7-background-color has-background coblocks-animate is-layout-flow wp-block-column-is-layout-flow\" data-coblocks-animation=\"fadeIn\">\n<h2 class=\"has-text-align-center has-rubik-font-family has-custom-font wp-block-heading\" style=\"font-family:Rubik\">\"Product of Italy\"\n(Prodotto d'Italia)<\/h2>\n\n\n<div class=\"wp-block-image is-style-rounded\">\n<figure class=\"aligncenter size-full is-resized\"><img loading=\"lazy\" decoding=\"async\" src=\"https:\/\/stopitasounding.com\/wp-content\/uploads\/2023\/01\/IMG_0247-edited.jpeg\" alt=\"Product of Italy writing\" class=\"wp-image-631\" width=\"177\" height=\"50\" srcset=\"https:\/\/stopitasounding.com\/wp-content\/uploads\/2023\/01\/IMG_0247-edited.jpeg 670w, https:\/\/stopitasounding.com\/wp-content\/uploads\/2023\/01\/IMG_0247-edited-300x86.jpeg 300w, https:\/\/stopitasounding.com\/wp-content\/uploads\/2023\/01\/IMG_0247-edited-600x173.jpeg 600w\" sizes=\"auto, (max-width: 177px) 100vw, 177px\" \/><\/figure>\n<\/div>\n\n\n<p class=\"has-text-align-center has-rubik-font-family has-custom-font\" style=\"padding-top:var(--wp--preset--spacing--20);padding-right:var(--wp--preset--spacing--20);padding-bottom:var(--wp--preset--spacing--20);padding-left:var(--wp--preset--spacing--20);font-family:Rubik\">Quando un prodotto \u00e8 etichettato <em>\"Prodotto d'Italia\",<\/em> vuol dire che quel prodotto \u00e8 100% italiano. <\/p>\n\n\n\n<p class=\"has-text-align-center has-rubik-font-family has-custom-font\" style=\"padding-top:var(--wp--preset--spacing--20);padding-right:var(--wp--preset--spacing--20);padding-bottom:var(--wp--preset--spacing--20);padding-left:var(--wp--preset--spacing--20);font-family:Rubik\">Tutte le materie prime usate in quel prodotto sono originariamente dall'Italia. <\/p>\n\n\n\n<p class=\"has-text-align-center has-rubik-font-family has-custom-font\" style=\"padding-top:var(--wp--preset--spacing--20);padding-right:var(--wp--preset--spacing--20);padding-bottom:var(--wp--preset--spacing--20);padding-left:var(--wp--preset--spacing--20);font-family:Rubik\">Molte aziende italiane vendono prodotti d'Italia, ma \u00e8 anche possibile che un'azienda straniera li venda. <\/p>\n<\/div>\n\n\n\n<div class=\"wp-block-column has-theme-palette-8-background-color has-background coblocks-animate is-layout-flow wp-block-column-is-layout-flow\" data-coblocks-animation=\"fadeIn\">\n<h2 class=\"has-text-align-center has-rubik-font-family has-custom-font wp-block-heading\" style=\"font-family:Rubik\">\"Made in Italy\"\n(Fatto in Italia)<\/h2>\n\n\n<div class=\"wp-block-image is-style-rounded\">\n<figure class=\"aligncenter size-full is-resized\"><img loading=\"lazy\" decoding=\"async\" src=\"https:\/\/stopitasounding.com\/wp-content\/uploads\/2023\/01\/16A956DB-0658-4B70-B839-FACEECF741E7_4_5005_c.jpeg\" alt=\"Made in Italy writing\" class=\"wp-image-637\" width=\"183\" height=\"34\" srcset=\"https:\/\/stopitasounding.com\/wp-content\/uploads\/2023\/01\/16A956DB-0658-4B70-B839-FACEECF741E7_4_5005_c.jpeg 386w, https:\/\/stopitasounding.com\/wp-content\/uploads\/2023\/01\/16A956DB-0658-4B70-B839-FACEECF741E7_4_5005_c-300x57.jpeg 300w\" sizes=\"auto, (max-width: 183px) 100vw, 183px\" \/><\/figure>\n<\/div>\n\n\n<p class=\"has-text-align-center has-rubik-font-family has-custom-font\" style=\"padding-top:var(--wp--preset--spacing--20);padding-right:var(--wp--preset--spacing--20);padding-bottom:var(--wp--preset--spacing--20);padding-left:var(--wp--preset--spacing--20);font-family:Rubik\">Quando un prodotto \u00e8 etichettato <em>\"Made in Italy\", <\/em>vuol dire che quel prodotto \u00e8 stato fabbricato in Italia. Non c'\u00e8 alcuna indicazione che le materie prime sono 100% italiane. <\/p>\n\n\n\n<p class=\"has-text-align-center has-rubik-font-family has-custom-font\" style=\"padding-top:var(--wp--preset--spacing--20);padding-right:var(--wp--preset--spacing--20);padding-bottom:var(--wp--preset--spacing--20);padding-left:var(--wp--preset--spacing--20);font-family:Rubik\">\u00c8 possibile che alcune aziende italiane hanno prodotti \"Made in Italy\". In questi casi il saper-fare dell'azienda italiana \u00e8 sempre tutelata e utilizzata per la produzione. <\/p>\n\n\n\n<p class=\"has-text-align-center has-rubik-font-family has-custom-font\" style=\"padding-top:var(--wp--preset--spacing--20);padding-right:var(--wp--preset--spacing--20);padding-bottom:var(--wp--preset--spacing--20);padding-left:var(--wp--preset--spacing--20);font-family:Rubik\">\u00c8 anche possibile che un prodotto di un'azienda straniera sia etichettato come \"Made in Italy\". In questo caso, il saper-fare dell'azienda straniera viene usato.<\/p>\n<\/div>\n\n\n\n<div class=\"wp-block-column has-theme-palette-7-background-color has-background coblocks-animate is-layout-flow wp-block-column-is-layout-flow\" data-coblocks-animation=\"fadeIn\">\n<h2 class=\"has-text-align-center has-rubik-font-family has-custom-font wp-block-heading\" style=\"font-family:Rubik\">\u201cImported from Italy\u201d\n(Importato dall'Italia)<\/h2>\n\n\n<div class=\"wp-block-image is-style-rounded\">\n<figure class=\"aligncenter size-full is-resized\"><img loading=\"lazy\" decoding=\"async\" src=\"https:\/\/stopitasounding.com\/wp-content\/uploads\/2023\/01\/D1BF73E6-6EE8-427C-BA80-2FE7704F48B1_4_5005_c.jpeg\" alt=\"Imported from Italy writing\" class=\"wp-image-638\" width=\"167\" height=\"33\"\/><\/figure>\n<\/div>\n\n\n<p class=\"has-text-align-center has-rubik-font-family has-custom-font\" style=\"padding-top:var(--wp--preset--spacing--20);padding-right:var(--wp--preset--spacing--20);padding-bottom:var(--wp--preset--spacing--20);padding-left:var(--wp--preset--spacing--20);font-family:Rubik\">Quando un prodotto \u00e8 etichettato <em>\"Imported from Italy\",<\/em> vuol dire semplicemente che un prodotto viene spedito dall'Italia in un altro paese. <\/p>\n\n\n\n<p class=\"has-text-align-center has-rubik-font-family has-custom-font\" style=\"padding-top:var(--wp--preset--spacing--20);padding-right:var(--wp--preset--spacing--20);padding-bottom:var(--wp--preset--spacing--20);padding-left:var(--wp--preset--spacing--20);font-family:Rubik\">Non c'\u00e8 necessariamente un'indicazione per quando riguarda le materie prime usate. <\/p>\n<\/div>\n<\/div>\n\n\n\n<blockquote class=\"wp-block-coblocks-click-to-tweet has-text-align-center coblocks-animate\" data-coblocks-animation=\"fadeIn\"><p class=\"wp-block-coblocks-click-to-tweet__text\">Quando fai la spesa, ti prendono in giro? <\/p><a class=\"wp-block-coblocks-click-to-tweet__twitter-btn\" href=\"http:\/\/twitter.com\/share?&amp;text=Areyoubeingdupedwhenyoufoodshop&amp;url=httpsstopitasounding.comitfine-print-of-italian-products&amp;via=stopitasounding\" rel=\"noopener noreferrer\" target=\"_blank\">Twitta<\/a><\/blockquote>","protected":false},"excerpt":{"rendered":"<p>Understanding the fine print Understanding the fine print of a product is important because it could help you understand where it comes from. Of course, it is up to one&#8217;s personal preference when purchasing an item. &#8220;Product of Italy&#8221; When a product is labeled &#8220;Product of Italy,&#8221; it means that the product is 100% Italian&#8230;.<\/p>","protected":false},"author":1,"featured_media":0,"parent":0,"menu_order":0,"comment_status":"closed","ping_status":"closed","template":"","meta":{"_coblocks_attr":"Rubik,Rubik","_coblocks_dimensions":"","_coblocks_responsive_height":"","_coblocks_accordion_ie_support":"","_eb_attr":"","om_disable_all_campaigns":false,"_monsterinsights_skip_tracking":false,"_monsterinsights_sitenote_active":false,"_monsterinsights_sitenote_note":"","_monsterinsights_sitenote_category":0,"_kadence_starter_templates_imported_post":false,"_kad_post_transparent":"","_kad_post_title":"","_kad_post_layout":"default","_kad_post_sidebar_id":"","_kad_post_content_style":"","_kad_post_vertical_padding":"","_kad_post_feature":"","_kad_post_feature_position":"","_kad_post_header":false,"_kad_post_footer":false,"_kad_post_classname":"","footnotes":""},"class_list":["post-621","page","type-page","status-publish","hentry"],"aioseo_notices":[],"_links":{"self":[{"href":"https:\/\/stopitasounding.com\/it\/wp-json\/wp\/v2\/pages\/621","targetHints":{"allow":["GET"]}}],"collection":[{"href":"https:\/\/stopitasounding.com\/it\/wp-json\/wp\/v2\/pages"}],"about":[{"href":"https:\/\/stopitasounding.com\/it\/wp-json\/wp\/v2\/types\/page"}],"author":[{"embeddable":true,"href":"https:\/\/stopitasounding.com\/it\/wp-json\/wp\/v2\/users\/1"}],"replies":[{"embeddable":true,"href":"https:\/\/stopitasounding.com\/it\/wp-json\/wp\/v2\/comments?post=621"}],"version-history":[{"count":5,"href":"https:\/\/stopitasounding.com\/it\/wp-json\/wp\/v2\/pages\/621\/revisions"}],"predecessor-version":[{"id":641,"href":"https:\/\/stopitasounding.com\/it\/wp-json\/wp\/v2\/pages\/621\/revisions\/641"}],"wp:attachment":[{"href":"https:\/\/stopitasounding.com\/it\/wp-json\/wp\/v2\/media?parent=621"}],"curies":[{"name":"wp","href":"https:\/\/api.w.org\/{rel}","templated":true}]}}