{"id":23,"date":"2023-01-14T17:45:56","date_gmt":"2023-01-14T17:45:56","guid":{"rendered":"https:\/\/stopitasounding.com\/?page_id=23"},"modified":"2024-06-27T16:37:41","modified_gmt":"2024-06-27T21:37:41","slug":"about-us","status":"publish","type":"page","link":"https:\/\/stopitasounding.com\/it\/about-us\/","title":{"rendered":"Chi siamo"},"content":{"rendered":"<h2 class=\"wp-block-heading has-text-align-center has-rubik-font-family has-custom-font\" style=\"font-family:Rubik\">Chi siamo<\/h2>\n\n\n\n<p class=\"has-rubik-font-family coblocks-animate has-custom-font\" data-coblocks-animation=\"slideInRight\" style=\"font-family:Rubik\">Il mio nome \u00e8 Robert Campana e sono il fondatore di Stop Italian Sounding \u00ae (SIS). Raccontiamo la storia dei prodotti agroalimentari italiani su piattaforme di social media sensibilizzando sulle differenze tra prodotti agroalimentari autenticamente italiani e quelli che sembrano italiani ma non lo sono (Italian sounding). Attraverso accordi commerciali, ci dedichiamo ad aiutare a creare l'identit\u00e0 di marca delle aziende alimentari italiane promuovendo prodotti alimentari autentici e bevande italiane attraverso servizi di marketing con influencer sulle principali pagine dei social media, tramite il marketing di affiliazione e organizzando seminari educativi o workshop.<\/p>\n\n\n\n<p class=\"has-rubik-font-family coblocks-animate has-custom-font\" data-coblocks-animation=\"slideInLeft\" style=\"font-family:Rubik\">L'idea di Stop Italian Sounding \u00ae \u00e8 nata quando ho frequentato un Master in International Business <em>all'Universit\u00e0 Cattolica del Sacro Cuore di Milano<\/em>. Dopo aver sviluppato una tesi sull'impatto economico di formaggi Italian sounding negli Stati Uniti, mi sono reso conto del fatto che fosse importante iniziare a sensibilizzare il consumatore su come riconoscere i veri prodotti italiani.<\/p>\n\n\n\n<p class=\"has-rubik-font-family coblocks-animate has-custom-font\" data-coblocks-animation=\"slideInRight\" style=\"font-family:Rubik\">SIS \u00e8 stato prima creato su <a href=\"https:\/\/www.instagram.com\/stopitaliansounding\" title=\"\">Instagram<\/a>, e poi eventualmente sulle altre piattaforme social come <a href=\"https:\/\/www.tiktok.com\/@stopitaliansounding?lang=en\" title=\"\">TikTok<\/a>, <a href=\"https:\/\/www.facebook.com\/stopitaliansounding\/\" title=\"Facebook\">Facebook<\/a>, <a href=\"https:\/\/www.youtube.com\/channel\/UCNroebauBDpKVWy9we0clVw\" title=\"YouTube\">YouTube<\/a>, e <a href=\"https:\/\/mobile.twitter.com\/stopitasounding\" title=\"\">Twitter<\/a>. <\/p>\n\n\n<div class=\"wp-block-image\">\n<figure class=\"aligncenter size-full coblocks-animate\" data-coblocks-animation=\"slideInLeft\"><img decoding=\"async\" src=\"https:\/\/stopitasounding.com\/wp-content\/uploads\/2023\/01\/SIS-logo-no-background-e1673716383849.png\" alt=\"\" class=\"wp-image-11\"\/><\/figure>\n<\/div>\n\n\n<h2 class=\"wp-block-heading has-rubik-font-family coblocks-animate has-custom-font\" data-coblocks-animation=\"slideInRight\" style=\"font-family:Rubik\">La nostra missione<\/h2>\n\n\n\n<p class=\"has-rubik-font-family coblocks-animate has-custom-font\" data-coblocks-animation=\"slideInLeft\" style=\"font-family:Rubik\">La nostra <em>missione<\/em> \u00e8 quella di <a href=\"https:\/\/stopitasounding.com\/it\/learn\/\" title=\"\">insegnare<\/a> le differenze tra i veri prodotti agroalimentari italiani e quelli Italian sounding con un'importanza particolare sui seguenti valori: <strong>storia<\/strong>, <strong>tradizione<\/strong>, e <strong>artigianalit\u00e0<\/strong>. Questo \u00e8 realizzato attraverso la creazione di contenuti sui social media, l'organizzazione di seminari, la partecipazione a eventi e le <a href=\"https:\/\/stopitasounding.com\/it\/valued-partnerships\/\" title=\"Partner\">collaborazione commerciale<\/a> da parte di aziende italiane nel settore agroalimentare. <\/p>\n\n\n\n<h2 class=\"wp-block-heading has-rubik-font-family coblocks-animate has-custom-font\" data-coblocks-animation=\"slideInRight\" style=\"font-family:Rubik\">Cosa significa \"Italian sounding\"?<\/h2>\n\n\n\n<p class=\"has-rubik-font-family coblocks-animate has-custom-font\" data-coblocks-animation=\"slideInLeft\" style=\"font-family:Rubik\">Un prodotto Italian sounding induce il consumatore ad associare erroneamente il prodotto locale con quello italiano attraverso l'utilizzo di parole, colori, immagini e referenze geografiche. Tecnicamente questi prodotti non sono illegali perch\u00e9 non danneggiano la propriet\u00e0 intellettuale nel paese in cui sono venduti. Il valore economico di questo fenomeno \u00e8 di \u20ac100 miliardi (USD $121 miliardi) al livello mondiale.<\/p>\n\n\n\n<figure class=\"wp-block-embed is-type-video is-provider-youtube wp-block-embed-youtube wp-embed-aspect-16-9 wp-has-aspect-ratio coblocks-animate\" data-coblocks-animation=\"slideInRight\"><div class=\"wp-block-embed__wrapper\">\n<iframe loading=\"lazy\" title=\"Have you been tricked? #italianfood #italian #didyouknow\" width=\"720\" height=\"405\" src=\"https:\/\/www.youtube.com\/embed\/gBf5nQ4lblc?feature=oembed\" frameborder=\"0\" allow=\"accelerometer; autoplay; clipboard-write; encrypted-media; gyroscope; picture-in-picture; web-share\" referrerpolicy=\"strict-origin-when-cross-origin\" allowfullscreen><\/iframe>\n<\/div><\/figure>\n\n\n\n<h2 class=\"wp-block-heading has-rubik-font-family coblocks-animate has-custom-font\" data-coblocks-animation=\"slideInLeft\" style=\"font-family:Rubik\">Perch\u00e9 \u00e8 importante sensibilizzare?<\/h2>\n\n\n\n<p class=\"has-rubik-font-family coblocks-animate has-custom-font\" data-coblocks-animation=\"slideInRight\" style=\"font-family:Rubik\">La sensibilizzazione \u00e8 importante perch\u00e9 aiuta a tutelare il consumatore. Non sono soli ingredienti dentro i prodotti italiani, ci sono anche <strong>tradizione<\/strong>, <strong>storia<\/strong>, e <strong>artigianalit\u00e0<\/strong>. Un consumatore consapevole \u00e8 sempre pi\u00f9 contento.<\/p>\n\n\n\n<p class=\"has-rubik-font-family coblocks-animate has-custom-font\" data-coblocks-animation=\"slideInLeft\" style=\"font-family:Rubik\">Inoltre, la sensibilizzazione \u00e8 importante perch\u00e9 molti prodotti Italian sounding sono imitazioni di prodotti italiani che gi\u00e0 hanno un certo livello di protezione. Dal punto di vista italiano, questo danneggia non solo l'immagine dell'Italia, ma anche le piccole e medie imprese (PMI).<\/p>","protected":false},"excerpt":{"rendered":"<p>About us My name is Robert Campana and I am the founder of Stop Italian Sounding \u00ae (SIS). We tell the story of Italian food and beverage products on social media platforms by creating awareness on the differences between real and Italian sounding food &amp; beverage products. Through business partnerships, we are dedicated to helping&#8230;<\/p>","protected":false},"author":1,"featured_media":0,"parent":0,"menu_order":0,"comment_status":"closed","ping_status":"closed","template":"","meta":{"_coblocks_attr":"Yrsa,Ubuntu,Tajawal,Roboto,PT Serif,Playfair Display,Oswald,Open Sans,Noto Serif,Noto Sans,Montserrat,Merriweather,Lora,Lato,Karla,Rubik","_coblocks_dimensions":"","_coblocks_responsive_height":"","_coblocks_accordion_ie_support":"","_eb_attr":"","om_disable_all_campaigns":false,"_monsterinsights_skip_tracking":false,"_monsterinsights_sitenote_active":false,"_monsterinsights_sitenote_note":"","_monsterinsights_sitenote_category":0,"_kadence_starter_templates_imported_post":false,"_kad_post_transparent":"","_kad_post_title":"","_kad_post_layout":"","_kad_post_sidebar_id":"","_kad_post_content_style":"","_kad_post_vertical_padding":"","_kad_post_feature":"","_kad_post_feature_position":"","_kad_post_header":false,"_kad_post_footer":false,"_kad_post_classname":"","footnotes":""},"class_list":["post-23","page","type-page","status-publish","hentry"],"aioseo_notices":[],"_links":{"self":[{"href":"https:\/\/stopitasounding.com\/it\/wp-json\/wp\/v2\/pages\/23","targetHints":{"allow":["GET"]}}],"collection":[{"href":"https:\/\/stopitasounding.com\/it\/wp-json\/wp\/v2\/pages"}],"about":[{"href":"https:\/\/stopitasounding.com\/it\/wp-json\/wp\/v2\/types\/page"}],"author":[{"embeddable":true,"href":"https:\/\/stopitasounding.com\/it\/wp-json\/wp\/v2\/users\/1"}],"replies":[{"embeddable":true,"href":"https:\/\/stopitasounding.com\/it\/wp-json\/wp\/v2\/comments?post=23"}],"version-history":[{"count":13,"href":"https:\/\/stopitasounding.com\/it\/wp-json\/wp\/v2\/pages\/23\/revisions"}],"predecessor-version":[{"id":5829,"href":"https:\/\/stopitasounding.com\/it\/wp-json\/wp\/v2\/pages\/23\/revisions\/5829"}],"wp:attachment":[{"href":"https:\/\/stopitasounding.com\/it\/wp-json\/wp\/v2\/media?parent=23"}],"curies":[{"name":"wp","href":"https:\/\/api.w.org\/{rel}","templated":true}]}}